{"id":2452,"date":"2023-03-09T16:29:08","date_gmt":"2023-03-09T20:29:08","guid":{"rendered":"https:\/\/2webdemo.ca\/nous-joindre\/"},"modified":"2024-12-11T07:15:46","modified_gmt":"2024-12-11T11:15:46","slug":"contactenos","status":"publish","type":"page","link":"https:\/\/institutcompass.org\/es\/contactenos\/","title":{"rendered":"CONT\u00c1CTENOS"},"content":{"rendered":"\t\t<div data-elementor-type=\"wp-page\" data-elementor-id=\"2452\" class=\"elementor elementor-2452 elementor-411\">\n\t\t\t\t\t\t\t\t\t<section class=\"elementor-section elementor-top-section elementor-element elementor-element-9879eab elementor-section-boxed elementor-section-height-default elementor-section-height-default\" data-id=\"9879eab\" data-element_type=\"section\" data-settings=\"{&quot;background_background&quot;:&quot;classic&quot;}\">\n\t\t\t\t\t\t<div class=\"elementor-container elementor-column-gap-default\">\n\t\t\t\t\t<div class=\"elementor-column elementor-col-100 elementor-top-column elementor-element elementor-element-7390440\" data-id=\"7390440\" data-element_type=\"column\">\n\t\t\t<div class=\"elementor-widget-wrap elementor-element-populated\">\n\t\t\t\t\t\t\t\t<div class=\"elementor-element elementor-element-50ca398 elementor-hidden-tablet elementor-hidden-mobile elementor-widget elementor-widget-spacer\" data-id=\"50ca398\" data-element_type=\"widget\" data-widget_type=\"spacer.default\">\n\t\t\t\t<div class=\"elementor-widget-container\">\n\t\t\t<style>\/*! elementor - v3.18.0 - 08-12-2023 *\/\n.elementor-column .elementor-spacer-inner{height:var(--spacer-size)}.e-con{--container-widget-width:100%}.e-con-inner>.elementor-widget-spacer,.e-con>.elementor-widget-spacer{width:var(--container-widget-width,var(--spacer-size));--align-self:var(--container-widget-align-self,initial);--flex-shrink:0}.e-con-inner>.elementor-widget-spacer>.elementor-widget-container,.e-con>.elementor-widget-spacer>.elementor-widget-container{height:100%;width:100%}.e-con-inner>.elementor-widget-spacer>.elementor-widget-container>.elementor-spacer,.e-con>.elementor-widget-spacer>.elementor-widget-container>.elementor-spacer{height:100%}.e-con-inner>.elementor-widget-spacer>.elementor-widget-container>.elementor-spacer>.elementor-spacer-inner,.e-con>.elementor-widget-spacer>.elementor-widget-container>.elementor-spacer>.elementor-spacer-inner{height:var(--container-widget-height,var(--spacer-size))}.e-con-inner>.elementor-widget-spacer.elementor-widget-empty,.e-con>.elementor-widget-spacer.elementor-widget-empty{position:relative;min-height:22px;min-width:22px}.e-con-inner>.elementor-widget-spacer.elementor-widget-empty .elementor-widget-empty-icon,.e-con>.elementor-widget-spacer.elementor-widget-empty .elementor-widget-empty-icon{position:absolute;top:0;bottom:0;left:0;right:0;margin:auto;padding:0;width:22px;height:22px}<\/style>\t\t<div class=\"elementor-spacer\">\n\t\t\t<div class=\"elementor-spacer-inner\"><\/div>\n\t\t<\/div>\n\t\t\t\t<\/div>\n\t\t\t\t<\/div>\n\t\t\t\t<div class=\"elementor-element elementor-element-eedde75 elementor-hidden-desktop elementor-widget elementor-widget-spacer\" data-id=\"eedde75\" data-element_type=\"widget\" data-widget_type=\"spacer.default\">\n\t\t\t\t<div class=\"elementor-widget-container\">\n\t\t\t\t\t<div class=\"elementor-spacer\">\n\t\t\t<div class=\"elementor-spacer-inner\"><\/div>\n\t\t<\/div>\n\t\t\t\t<\/div>\n\t\t\t\t<\/div>\n\t\t\t\t<div class=\"elementor-element elementor-element-94d9123 grve-elementor-align-left elementor-invisible elementor-widget elementor-widget-impeka_title\" data-id=\"94d9123\" data-element_type=\"widget\" data-settings=\"{&quot;_animation&quot;:&quot;fadeInUp&quot;}\" data-widget_type=\"impeka_title.default\">\n\t\t\t\t<div class=\"elementor-widget-container\">\n\t\t\t<h1 class=\"grve-element grve-title grve-h6\"><span><span style=\"color: #e63f1f;\">CONT\u00c1CTENOS<\/span><\/span><\/h1>\t\t<\/div>\n\t\t\t\t<\/div>\n\t\t\t\t\t<\/div>\n\t\t<\/div>\n\t\t\t\t\t\t\t<\/div>\n\t\t<\/section>\n\t\t\t\t<section class=\"elementor-section elementor-top-section elementor-element elementor-element-53d3b63 elementor-section-boxed elementor-section-height-default elementor-section-height-default\" data-id=\"53d3b63\" data-element_type=\"section\" data-settings=\"{&quot;background_background&quot;:&quot;classic&quot;}\">\n\t\t\t\t\t\t<div class=\"elementor-container elementor-column-gap-default\">\n\t\t\t\t\t<div class=\"elementor-column elementor-col-50 elementor-top-column elementor-element elementor-element-a4a916b\" data-id=\"a4a916b\" data-element_type=\"column\">\n\t\t\t<div class=\"elementor-widget-wrap elementor-element-populated\">\n\t\t\t\t\t\t\t\t<div class=\"elementor-element elementor-element-48f2a58 elementor-widget elementor-widget-image\" data-id=\"48f2a58\" data-element_type=\"widget\" data-widget_type=\"image.default\">\n\t\t\t\t<div class=\"elementor-widget-container\">\n\t\t\t<style>\/*! elementor - v3.18.0 - 08-12-2023 *\/\n.elementor-widget-image{text-align:center}.elementor-widget-image a{display:inline-block}.elementor-widget-image a img[src$=\".svg\"]{width:48px}.elementor-widget-image img{vertical-align:middle;display:inline-block}<\/style>\t\t\t\t\t\t\t\t\t\t\t\t<img fetchpriority=\"high\" decoding=\"async\" width=\"776\" height=\"1024\" src=\"https:\/\/institutcompass.org\/wp-content\/uploads\/2023\/03\/eolienne-776x1024.jpg\" class=\"attachment-large size-large wp-image-1192\" alt=\"\" srcset=\"https:\/\/institutcompass.org\/wp-content\/uploads\/2023\/03\/eolienne-776x1024.jpg 776w, https:\/\/institutcompass.org\/wp-content\/uploads\/2023\/03\/eolienne-227x300.jpg 227w, https:\/\/institutcompass.org\/wp-content\/uploads\/2023\/03\/eolienne-768x1013.jpg 768w, https:\/\/institutcompass.org\/wp-content\/uploads\/2023\/03\/eolienne.jpg 1000w\" sizes=\"(max-width: 776px) 100vw, 776px\" \/>\t\t\t\t\t\t\t\t\t\t\t\t\t\t\t<\/div>\n\t\t\t\t<\/div>\n\t\t\t\t\t<\/div>\n\t\t<\/div>\n\t\t\t\t<div class=\"elementor-column elementor-col-50 elementor-top-column elementor-element elementor-element-8e81471\" data-id=\"8e81471\" data-element_type=\"column\">\n\t\t\t<div class=\"elementor-widget-wrap elementor-element-populated\">\n\t\t\t\t\t\t\t\t<div class=\"elementor-element elementor-element-5f776f0 grve-elementor-align-left elementor-invisible elementor-widget elementor-widget-impeka_title\" data-id=\"5f776f0\" data-element_type=\"widget\" data-settings=\"{&quot;_animation&quot;:&quot;fadeInUp&quot;}\" data-widget_type=\"impeka_title.default\">\n\t\t\t\t<div class=\"elementor-widget-container\">\n\t\t\t<h4 class=\"grve-element grve-title grve-h6\"><span><span style=\"color: #e63f1f;\">Sede\n<\/span><\/span><\/h4>\t\t<\/div>\n\t\t\t\t<\/div>\n\t\t\t\t<div class=\"elementor-element elementor-element-8e734fe elementor-invisible elementor-widget elementor-widget-text-editor\" data-id=\"8e734fe\" data-element_type=\"widget\" data-settings=\"{&quot;_animation&quot;:&quot;fadeInUp&quot;,&quot;_animation_delay&quot;:200}\" data-widget_type=\"text-editor.default\">\n\t\t\t\t<div class=\"elementor-widget-container\">\n\t\t\t<style>\/*! elementor - v3.18.0 - 08-12-2023 *\/\n.elementor-widget-text-editor.elementor-drop-cap-view-stacked .elementor-drop-cap{background-color:#69727d;color:#fff}.elementor-widget-text-editor.elementor-drop-cap-view-framed .elementor-drop-cap{color:#69727d;border:3px solid;background-color:transparent}.elementor-widget-text-editor:not(.elementor-drop-cap-view-default) .elementor-drop-cap{margin-top:8px}.elementor-widget-text-editor:not(.elementor-drop-cap-view-default) .elementor-drop-cap-letter{width:1em;height:1em}.elementor-widget-text-editor .elementor-drop-cap{float:left;text-align:center;line-height:1;font-size:50px}.elementor-widget-text-editor .elementor-drop-cap-letter{display:inline-block}<\/style>\t\t\t\t<p>100-3175, chemin Quatre-Bourgeois Qu\u00e9bec (Qu\u00e9bec) Canada G1W 2K7<br \/>Whatsapp\/Telegram:<br \/>(+1) 418 265 7441<br \/>info@InstitutCompass.org<\/p>\t\t\t\t\t\t<\/div>\n\t\t\t\t<\/div>\n\t\t\t\t<div class=\"elementor-element elementor-element-13c4259 grve-elementor-align-left elementor-invisible elementor-widget elementor-widget-impeka_title\" data-id=\"13c4259\" data-element_type=\"widget\" data-settings=\"{&quot;_animation&quot;:&quot;fadeInUp&quot;,&quot;_animation_delay&quot;:400}\" data-widget_type=\"impeka_title.default\">\n\t\t\t\t<div class=\"elementor-widget-container\">\n\t\t\t<h4 class=\"grve-element grve-title grve-h6\"><span><span style=\"color: #e63f1f;\">Pa\u00edses franco-hablantes\n<\/span><\/span><\/h4>\t\t<\/div>\n\t\t\t\t<\/div>\n\t\t\t\t<div class=\"elementor-element elementor-element-7f53930 elementor-invisible elementor-widget elementor-widget-text-editor\" data-id=\"7f53930\" data-element_type=\"widget\" data-settings=\"{&quot;_animation&quot;:&quot;fadeInUp&quot;,&quot;_animation_delay&quot;:600}\" data-widget_type=\"text-editor.default\">\n\t\t\t\t<div class=\"elementor-widget-container\">\n\t\t\t\t\t\t\t<p>Ouagadougou, Burkina Faso<br \/>Whatsapp\/Telegram:<br \/>(+226) 70 64 14 78<br \/>Honorat.Zodjihoue@InstitutCompass.org<\/p>\t\t\t\t\t\t<\/div>\n\t\t\t\t<\/div>\n\t\t\t\t<div class=\"elementor-element elementor-element-a77f4b0 grve-elementor-align-left elementor-invisible elementor-widget elementor-widget-impeka_title\" data-id=\"a77f4b0\" data-element_type=\"widget\" data-settings=\"{&quot;_animation&quot;:&quot;fadeInUp&quot;,&quot;_animation_delay&quot;:800}\" data-widget_type=\"impeka_title.default\">\n\t\t\t\t<div class=\"elementor-widget-container\">\n\t\t\t<h4 class=\"grve-element grve-title grve-h6\"><span><span style=\"color: #e63f1f;\">Pa\u00edses anglo-hablantes y sociedades globales<\/span><\/span><\/h4>\t\t<\/div>\n\t\t\t\t<\/div>\n\t\t\t\t<div class=\"elementor-element elementor-element-70c8f93 elementor-invisible elementor-widget elementor-widget-text-editor\" data-id=\"70c8f93\" data-element_type=\"widget\" data-settings=\"{&quot;_animation&quot;:&quot;fadeInUp&quot;,&quot;_animation_delay&quot;:1000}\" data-widget_type=\"text-editor.default\">\n\t\t\t\t<div class=\"elementor-widget-container\">\n\t\t\t\t\t\t\t<p>Miami, USA<br \/>Whatsapp\/Telegram:<br \/>(+1) 305 903 0177<br \/>Ana.Fernandez@InstitutCompass.org<\/p>\t\t\t\t\t\t<\/div>\n\t\t\t\t<\/div>\n\t\t\t\t<div class=\"elementor-element elementor-element-cfb5e43 grve-elementor-align-left elementor-invisible elementor-widget elementor-widget-impeka_title\" data-id=\"cfb5e43\" data-element_type=\"widget\" data-settings=\"{&quot;_animation&quot;:&quot;fadeInUp&quot;,&quot;_animation_delay&quot;:1200}\" data-widget_type=\"impeka_title.default\">\n\t\t\t\t<div class=\"elementor-widget-container\">\n\t\t\t<h4 class=\"grve-element grve-title grve-h6\"><span><span style=\"color: #e63f1f;\">Pa\u00edses hispano- y portugu\u00e9s-hablantes<\/span><\/span><\/h4>\t\t<\/div>\n\t\t\t\t<\/div>\n\t\t\t\t<div class=\"elementor-element elementor-element-4d8573c elementor-invisible elementor-widget elementor-widget-text-editor\" data-id=\"4d8573c\" data-element_type=\"widget\" data-settings=\"{&quot;_animation&quot;:&quot;fadeInUp&quot;,&quot;_animation_delay&quot;:1400}\" data-widget_type=\"text-editor.default\">\n\t\t\t\t<div class=\"elementor-widget-container\">\n\t\t\t\t\t\t\t<p>Bogota, Colombia<br \/>Whatsapp\/Telegram:<br \/>(+57) 315 77 20 605<br \/>Andres.Jimenez@InstitutCompass.org<\/p>\t\t\t\t\t\t<\/div>\n\t\t\t\t<\/div>\n\t\t\t\t\t<\/div>\n\t\t<\/div>\n\t\t\t\t\t\t\t<\/div>\n\t\t<\/section>\n\t\t\t\t<section class=\"elementor-section elementor-top-section elementor-element elementor-element-6bf5d54 elementor-section-full_width elementor-hidden-desktop elementor-hidden-tablet elementor-hidden-mobile elementor-section-height-default elementor-section-height-default\" data-id=\"6bf5d54\" data-element_type=\"section\">\n\t\t\t\t\t\t<div class=\"elementor-container elementor-column-gap-default\">\n\t\t\t\t\t<div class=\"elementor-column elementor-col-100 elementor-top-column elementor-element elementor-element-f3ad8ad\" data-id=\"f3ad8ad\" data-element_type=\"column\">\n\t\t\t<div class=\"elementor-widget-wrap elementor-element-populated\">\n\t\t\t\t\t\t\t\t<div class=\"elementor-element elementor-element-4ef9e32 elementor-widget elementor-widget-impeka_map\" data-id=\"4ef9e32\" data-element_type=\"widget\" data-widget_type=\"impeka_map.default\">\n\t\t\t\t<div class=\"elementor-widget-container\">\n\t\t\t<div class=\"grve-map-wrapper\"><div class=\"grve-element grve-map\" style=\"height: 500px;\" data-lat=\"46.7542449\" data-lng=\"-71.2834371\" data-zoom=\"14\" data-disable-style=\"no\"><\/div><div style=\"display:none\" class=\"grve-map-point\" data-point-marker=\"\/\/institutcompass.org\/wp-content\/themes\/impeka\/images\/markers\/transparent.png\" data-point-lat=\"46.7542449\" data-point-lng=\"-71.2834371\" data-point-title=\"Si\u00e8ge social Canada\" data-point-type=\"dot\" data-point-open=\"no\" data-point-bg-color=\"primary-1\"><div class=\"grve-map-infotext\"><h6 class=\"grve-infotext-title\">Si\u00e8ge social Canada<\/h6><p class=\"grve-infotext-description\">Whatsapp\/Telegram: (+1) 418 265 7441<br>\ninfo@InstitutCompass.org<\/p><\/div><\/div><div style=\"display:none\" class=\"grve-map-point\" data-point-marker=\"\/\/institutcompass.org\/wp-content\/themes\/impeka\/images\/markers\/transparent.png\" data-point-lat=\"12.3584831\" data-point-lng=\"-1.6070546\" data-point-title=\"Ouagadougou, Burkina Faso\" data-point-type=\"dot\" data-point-open=\"no\" data-point-bg-color=\"primary-1\"><div class=\"grve-map-infotext\"><h6 class=\"grve-infotext-title\">Ouagadougou, Burkina Faso<\/h6><p class=\"grve-infotext-description\">Honorat Zodjihoue<br>\nWhatsapp\/Telegram: (+226) 70 64 14 78<br>\nHonorat.Zodjihoue@InstitutCompass.org<\/p><\/div><\/div><div style=\"display:none\" class=\"grve-map-point\" data-point-marker=\"\/\/institutcompass.org\/wp-content\/themes\/impeka\/images\/markers\/transparent.png\" data-point-lat=\"25.7824033\" data-point-lng=\"-80.2645636\" data-point-title=\"Miami, USA\" data-point-type=\"dot\" data-point-open=\"no\" data-point-bg-color=\"primary-1\"><div class=\"grve-map-infotext\"><h6 class=\"grve-infotext-title\">Miami, USA<\/h6><p class=\"grve-infotext-description\">Ana Fernandez<br>\nWhatsapp\/Telegram: (+1) 305 903 0177<br>\nAna.Fernandez@InstitutCompass.org<\/p><\/div><\/div><div style=\"display:none\" class=\"grve-map-point\" data-point-marker=\"\/\/institutcompass.org\/wp-content\/themes\/impeka\/images\/markers\/transparent.png\" data-point-lat=\"4.6482837\" data-point-lng=\"-74.2482336\" data-point-title=\"Bogota, Colombia\" data-point-type=\"dot\" data-point-open=\"no\" data-point-bg-color=\"primary-1\"><div class=\"grve-map-infotext\"><h6 class=\"grve-infotext-title\">Bogota, Colombia<\/h6><p class=\"grve-infotext-description\">Andres Jimenez<br>\nWhatsapp\/Telegram: (+57) 315 77 20 605<br>\nAndres.Jimenez@InstitutCompass.org<\/p><\/div><\/div><\/div>\t\t<\/div>\n\t\t\t\t<\/div>\n\t\t\t\t\t<\/div>\n\t\t<\/div>\n\t\t\t\t\t\t\t<\/div>\n\t\t<\/section>\n\t\t\t\t<section class=\"elementor-section elementor-top-section elementor-element elementor-element-4d72c13 elementor-hidden-tablet elementor-hidden-mobile elementor-section-boxed elementor-section-height-default elementor-section-height-default\" data-id=\"4d72c13\" data-element_type=\"section\" data-settings=\"{&quot;background_background&quot;:&quot;classic&quot;}\">\n\t\t\t\t\t\t<div class=\"elementor-container elementor-column-gap-default\">\n\t\t\t\t\t<div class=\"elementor-column elementor-col-100 elementor-top-column elementor-element elementor-element-8da9ac2\" data-id=\"8da9ac2\" data-element_type=\"column\">\n\t\t\t<div class=\"elementor-widget-wrap elementor-element-populated\">\n\t\t\t\t\t\t\t\t<div class=\"elementor-element elementor-element-5d3ea2b elementor-widget elementor-widget-spacer\" data-id=\"5d3ea2b\" data-element_type=\"widget\" data-widget_type=\"spacer.default\">\n\t\t\t\t<div class=\"elementor-widget-container\">\n\t\t\t\t\t<div class=\"elementor-spacer\">\n\t\t\t<div class=\"elementor-spacer-inner\"><\/div>\n\t\t<\/div>\n\t\t\t\t<\/div>\n\t\t\t\t<\/div>\n\t\t\t\t\t<\/div>\n\t\t<\/div>\n\t\t\t\t\t\t\t<\/div>\n\t\t<\/section>\n\t\t\t\t<section class=\"elementor-section elementor-top-section elementor-element elementor-element-eff0060 elementor-section-boxed elementor-section-height-default elementor-section-height-default\" data-id=\"eff0060\" data-element_type=\"section\" data-settings=\"{&quot;background_background&quot;:&quot;classic&quot;}\">\n\t\t\t\t\t\t<div class=\"elementor-container elementor-column-gap-default\">\n\t\t\t\t\t<div class=\"elementor-column elementor-col-100 elementor-top-column elementor-element elementor-element-d79b24a\" data-id=\"d79b24a\" data-element_type=\"column\">\n\t\t\t<div class=\"elementor-widget-wrap elementor-element-populated\">\n\t\t\t\t\t\t\t\t<div class=\"elementor-element elementor-element-0b992d8 elementor-widget elementor-widget-spacer\" data-id=\"0b992d8\" data-element_type=\"widget\" data-widget_type=\"spacer.default\">\n\t\t\t\t<div class=\"elementor-widget-container\">\n\t\t\t\t\t<div class=\"elementor-spacer\">\n\t\t\t<div class=\"elementor-spacer-inner\"><\/div>\n\t\t<\/div>\n\t\t\t\t<\/div>\n\t\t\t\t<\/div>\n\t\t\t\t<div class=\"elementor-element elementor-element-b2d7c46 grve-elementor-align-center elementor-invisible elementor-widget elementor-widget-impeka_title\" data-id=\"b2d7c46\" data-element_type=\"widget\" data-settings=\"{&quot;_animation&quot;:&quot;fadeInUp&quot;,&quot;_animation_delay&quot;:1200}\" data-widget_type=\"impeka_title.default\">\n\t\t\t\t<div class=\"elementor-widget-container\">\n\t\t\t<h3 class=\"grve-element grve-title grve-h3\"><span><span style=\"color: #e63f1f;\">Trabajar con el equipo COMPASS<\/span><\/span><\/h3>\t\t<\/div>\n\t\t\t\t<\/div>\n\t\t\t\t<div class=\"elementor-element elementor-element-5ddcee6 elementor-widget elementor-widget-spacer\" data-id=\"5ddcee6\" data-element_type=\"widget\" data-widget_type=\"spacer.default\">\n\t\t\t\t<div class=\"elementor-widget-container\">\n\t\t\t\t\t<div class=\"elementor-spacer\">\n\t\t\t<div class=\"elementor-spacer-inner\"><\/div>\n\t\t<\/div>\n\t\t\t\t<\/div>\n\t\t\t\t<\/div>\n\t\t\t\t<div class=\"elementor-element elementor-element-a025133 elementor-widget elementor-widget-text-editor\" data-id=\"a025133\" data-element_type=\"widget\" data-widget_type=\"text-editor.default\">\n\t\t\t\t<div class=\"elementor-widget-container\">\n\t\t\t\t\t\t\t<p style=\"text-align: center;\">El Instituto COMPASS que es activo en varias regiones del mundo busca regularmente expertos en sus dominios de trabajo. Por favor int\u00e9grese a un equipo din\u00e1mico y multicultural y contribuye concretamente al desarrollo sostenible!<\/p>\t\t\t\t\t\t<\/div>\n\t\t\t\t<\/div>\n\t\t\t\t<div class=\"elementor-element elementor-element-01ee09c elementor-align-center elementor-widget elementor-widget-button\" data-id=\"01ee09c\" data-element_type=\"widget\" data-widget_type=\"button.default\">\n\t\t\t\t<div class=\"elementor-widget-container\">\n\t\t\t\t\t<div class=\"elementor-button-wrapper\">\n\t\t\t<a class=\"elementor-button elementor-button-link elementor-size-sm\" href=\"https:\/\/institutcompass.org\/es\/trabajo\/\">\n\t\t\t\t\t\t<span class=\"elementor-button-content-wrapper\">\n\t\t\t\t\t\t<span class=\"elementor-button-icon elementor-align-icon-left\">\n\t\t\t\t<svg xmlns=\"http:\/\/www.w3.org\/2000\/svg\" xmlns:xlink=\"http:\/\/www.w3.org\/1999\/xlink\" id=\"Calque_1\" x=\"0px\" y=\"0px\" viewBox=\"0 0 25.49 34.15\" style=\"enable-background:new 0 0 25.49 34.15;\" xml:space=\"preserve\"><style type=\"text\/css\">\t.st0{fill:#E73F1F;}<\/style><g>\t<path class=\"st0\" d=\"M21.55,34.15l-0.81-1.88c-1.57,0.51-3.2,0.77-4.86,0.77C7.12,33.04,0,25.88,0,17.08  C0,11.25,3.15,5.93,8.14,3.13L7.33,1.25L10.2,0l2.03,4.69l-1.43,0.63c-4.65,2.04-7.66,6.65-7.66,11.76  c0,7.07,5.72,12.82,12.75,12.82c1.76,0,3.47-0.36,5.08-1.06l1.43-0.63l2.03,4.69L21.55,34.15z\"><\/path>\t<path class=\"st0\" d=\"M20.71,16.25c0.05,0.27,0.07,0.55,0.07,0.83c0,2.72-2.2,4.93-4.91,4.93s-4.91-2.21-4.91-4.93  c0-2.72,2.2-4.93,4.91-4.93c1.59,0,3,0.76,3.9,1.94l4.39-1.92C22.49,9.31,19.4,7.4,15.87,7.4c-5.31,0-9.62,4.33-9.62,9.68  c0,5.34,4.31,9.67,9.62,9.67c5.31,0,9.62-4.33,9.62-9.67c0-0.96-0.14-1.88-0.4-2.75L20.71,16.25z\"><\/path><\/g><\/svg>\t\t\t<\/span>\n\t\t\t\t\t\t<span class=\"elementor-button-text\">INT\u00c9GRESE AL EQUIPO<\/span>\n\t\t<\/span>\n\t\t\t\t\t<\/a>\n\t\t<\/div>\n\t\t\t\t<\/div>\n\t\t\t\t<\/div>\n\t\t\t\t<div class=\"elementor-element elementor-element-87f0695 elementor-widget elementor-widget-spacer\" data-id=\"87f0695\" data-element_type=\"widget\" data-widget_type=\"spacer.default\">\n\t\t\t\t<div class=\"elementor-widget-container\">\n\t\t\t\t\t<div class=\"elementor-spacer\">\n\t\t\t<div class=\"elementor-spacer-inner\"><\/div>\n\t\t<\/div>\n\t\t\t\t<\/div>\n\t\t\t\t<\/div>\n\t\t\t\t\t<\/div>\n\t\t<\/div>\n\t\t\t\t\t\t\t<\/div>\n\t\t<\/section>\n\t\t\t\t\t\t\t<\/div>\n\t\t","protected":false},"excerpt":{"rendered":"<p>CONT\u00c1CTENOS Sede 100-3175, chemin Quatre-Bourgeois Qu\u00e9bec (Qu\u00e9bec) Canada G1W 2K7Whatsapp\/Telegram:(+1) 418 265 7441info@InstitutCompass.org Pa\u00edses franco-hablantes Ouagadougou, Burkina FasoWhatsapp\/Telegram:(+226) 70 64 14 78Honorat.Zodjihoue@InstitutCompass.org Pa\u00edses anglo-hablantes y sociedades globales Miami, USAWhatsapp\/Telegram:(+1) 305 903 0177Ana.Fernandez@InstitutCompass.org Pa\u00edses hispano- y portugu\u00e9s-hablantes Bogota, ColombiaWhatsapp\/Telegram:(+57) 315 77 20 605Andres.Jimenez@InstitutCompass.org Si\u00e8ge social Canada Whatsapp\/Telegram: (+1) 418 265 7441 info@InstitutCompass.org Ouagadougou, Burkina Faso Honorat [&hellip;]<\/p>\n","protected":false},"author":1,"featured_media":0,"parent":0,"menu_order":0,"comment_status":"closed","ping_status":"closed","template":"","meta":{"footnotes":""},"class_list":["post-2452","page","type-page","status-publish","hentry","grve-entry-item"],"_links":{"self":[{"href":"https:\/\/institutcompass.org\/es\/wp-json\/wp\/v2\/pages\/2452","targetHints":{"allow":["GET"]}}],"collection":[{"href":"https:\/\/institutcompass.org\/es\/wp-json\/wp\/v2\/pages"}],"about":[{"href":"https:\/\/institutcompass.org\/es\/wp-json\/wp\/v2\/types\/page"}],"author":[{"embeddable":true,"href":"https:\/\/institutcompass.org\/es\/wp-json\/wp\/v2\/users\/1"}],"replies":[{"embeddable":true,"href":"https:\/\/institutcompass.org\/es\/wp-json\/wp\/v2\/comments?post=2452"}],"version-history":[{"count":16,"href":"https:\/\/institutcompass.org\/es\/wp-json\/wp\/v2\/pages\/2452\/revisions"}],"predecessor-version":[{"id":4574,"href":"https:\/\/institutcompass.org\/es\/wp-json\/wp\/v2\/pages\/2452\/revisions\/4574"}],"wp:attachment":[{"href":"https:\/\/institutcompass.org\/es\/wp-json\/wp\/v2\/media?parent=2452"}],"curies":[{"name":"wp","href":"https:\/\/api.w.org\/{rel}","templated":true}]}}