{"id":5323,"date":"2026-03-02T08:26:19","date_gmt":"2026-03-02T12:26:19","guid":{"rendered":"https:\/\/institutcompass.org\/?page_id=5323"},"modified":"2026-05-15T14:20:04","modified_gmt":"2026-05-15T18:20:04","slug":"formacion-2","status":"publish","type":"page","link":"https:\/\/institutcompass.org\/es\/formacion-2\/","title":{"rendered":"FORMACI\u00d3N\u00a0"},"content":{"rendered":"\t\t<div data-elementor-type=\"wp-page\" data-elementor-id=\"5323\" class=\"elementor elementor-5323 elementor-5153\">\n\t\t\t\t\t\t\t\t\t<section class=\"elementor-section elementor-top-section elementor-element elementor-element-9879eab elementor-section-boxed elementor-section-height-default elementor-section-height-default\" data-id=\"9879eab\" data-element_type=\"section\" data-settings=\"{&quot;background_background&quot;:&quot;classic&quot;}\">\n\t\t\t\t\t\t<div class=\"elementor-container elementor-column-gap-default\">\n\t\t\t\t\t<div class=\"elementor-column elementor-col-33 elementor-top-column elementor-element elementor-element-7390440\" data-id=\"7390440\" data-element_type=\"column\">\n\t\t\t<div class=\"elementor-widget-wrap elementor-element-populated\">\n\t\t\t\t\t\t\t\t<div class=\"elementor-element elementor-element-35b0156 elementor-hidden-tablet elementor-hidden-mobile elementor-widget elementor-widget-spacer\" data-id=\"35b0156\" data-element_type=\"widget\" data-widget_type=\"spacer.default\">\n\t\t\t\t<div class=\"elementor-widget-container\">\n\t\t\t<style>\/*! elementor - v3.18.0 - 08-12-2023 *\/\n.elementor-column .elementor-spacer-inner{height:var(--spacer-size)}.e-con{--container-widget-width:100%}.e-con-inner>.elementor-widget-spacer,.e-con>.elementor-widget-spacer{width:var(--container-widget-width,var(--spacer-size));--align-self:var(--container-widget-align-self,initial);--flex-shrink:0}.e-con-inner>.elementor-widget-spacer>.elementor-widget-container,.e-con>.elementor-widget-spacer>.elementor-widget-container{height:100%;width:100%}.e-con-inner>.elementor-widget-spacer>.elementor-widget-container>.elementor-spacer,.e-con>.elementor-widget-spacer>.elementor-widget-container>.elementor-spacer{height:100%}.e-con-inner>.elementor-widget-spacer>.elementor-widget-container>.elementor-spacer>.elementor-spacer-inner,.e-con>.elementor-widget-spacer>.elementor-widget-container>.elementor-spacer>.elementor-spacer-inner{height:var(--container-widget-height,var(--spacer-size))}.e-con-inner>.elementor-widget-spacer.elementor-widget-empty,.e-con>.elementor-widget-spacer.elementor-widget-empty{position:relative;min-height:22px;min-width:22px}.e-con-inner>.elementor-widget-spacer.elementor-widget-empty .elementor-widget-empty-icon,.e-con>.elementor-widget-spacer.elementor-widget-empty .elementor-widget-empty-icon{position:absolute;top:0;bottom:0;left:0;right:0;margin:auto;padding:0;width:22px;height:22px}<\/style>\t\t<div class=\"elementor-spacer\">\n\t\t\t<div class=\"elementor-spacer-inner\"><\/div>\n\t\t<\/div>\n\t\t\t\t<\/div>\n\t\t\t\t<\/div>\n\t\t\t\t<div class=\"elementor-element elementor-element-cd3e74c elementor-hidden-desktop elementor-widget elementor-widget-spacer\" data-id=\"cd3e74c\" data-element_type=\"widget\" data-widget_type=\"spacer.default\">\n\t\t\t\t<div class=\"elementor-widget-container\">\n\t\t\t\t\t<div class=\"elementor-spacer\">\n\t\t\t<div class=\"elementor-spacer-inner\"><\/div>\n\t\t<\/div>\n\t\t\t\t<\/div>\n\t\t\t\t<\/div>\n\t\t\t\t<div class=\"elementor-element elementor-element-94d9123 grve-elementor-align-left elementor-invisible elementor-widget elementor-widget-impeka_title\" data-id=\"94d9123\" data-element_type=\"widget\" data-settings=\"{&quot;_animation&quot;:&quot;fadeInUp&quot;}\" data-widget_type=\"impeka_title.default\">\n\t\t\t\t<div class=\"elementor-widget-container\">\n\t\t\t<h1 class=\"grve-element grve-title grve-h6\"><span><p class=\"p1\"><strong>CAT\u00c1LOGO DE FORMACI\u00d3N 2026<\/strong><br><\/span><\/h1>\t\t<\/div>\n\t\t\t\t<\/div>\n\t\t\t\t<div class=\"elementor-element elementor-element-64c5aa1 grve-elementor-align-left elementor-invisible elementor-widget elementor-widget-impeka_title\" data-id=\"64c5aa1\" data-element_type=\"widget\" data-settings=\"{&quot;_animation&quot;:&quot;fadeInUp&quot;}\" data-widget_type=\"impeka_title.default\">\n\t\t\t\t<div class=\"elementor-widget-container\">\n\t\t\t<h4 class=\"grve-element grve-title grve-small-text\"><span><p class=\"p1\">Socio de<br><\/span><\/h4>\t\t<\/div>\n\t\t\t\t<\/div>\n\t\t\t\t<div class=\"elementor-element elementor-element-4fc041b elementor-widget elementor-widget-image\" data-id=\"4fc041b\" data-element_type=\"widget\" data-widget_type=\"image.default\">\n\t\t\t\t<div class=\"elementor-widget-container\">\n\t\t\t<style>\/*! elementor - v3.18.0 - 08-12-2023 *\/\n.elementor-widget-image{text-align:center}.elementor-widget-image a{display:inline-block}.elementor-widget-image a img[src$=\".svg\"]{width:48px}.elementor-widget-image img{vertical-align:middle;display:inline-block}<\/style>\t\t\t\t\t\t\t\t\t\t\t\t<img fetchpriority=\"high\" decoding=\"async\" width=\"420\" height=\"182\" src=\"https:\/\/institutcompass.org\/wp-content\/uploads\/2025\/02\/Universite_Laval_logo-1.png\" class=\"attachment-large size-large wp-image-4902\" alt=\"\" srcset=\"https:\/\/institutcompass.org\/wp-content\/uploads\/2025\/02\/Universite_Laval_logo-1.png 420w, https:\/\/institutcompass.org\/wp-content\/uploads\/2025\/02\/Universite_Laval_logo-1-300x130.png 300w\" sizes=\"(max-width: 420px) 100vw, 420px\" \/>\t\t\t\t\t\t\t\t\t\t\t\t\t\t\t<\/div>\n\t\t\t\t<\/div>\n\t\t\t\t<div class=\"elementor-element elementor-element-4abdcb6 elementor-align-left elementor-invisible elementor-widget elementor-widget-button\" data-id=\"4abdcb6\" data-element_type=\"widget\" data-settings=\"{&quot;_animation&quot;:&quot;fadeInUp&quot;,&quot;_animation_delay&quot;:300}\" data-widget_type=\"button.default\">\n\t\t\t\t<div class=\"elementor-widget-container\">\n\t\t\t\t\t<div class=\"elementor-button-wrapper\">\n\t\t\t<a class=\"elementor-button elementor-button-link elementor-size-sm\" href=\"https:\/\/institutcompass.org\/wp-content\/uploads\/2026\/04\/Institut-Compass-Avril-2026-Catalogue-formation-2026-A4-ESP-WEB-51818.pdf\" target=\"_blank\">\n\t\t\t\t\t\t<span class=\"elementor-button-content-wrapper\">\n\t\t\t\t\t\t<span class=\"elementor-button-icon elementor-align-icon-left\">\n\t\t\t\t<svg xmlns=\"http:\/\/www.w3.org\/2000\/svg\" xmlns:xlink=\"http:\/\/www.w3.org\/1999\/xlink\" id=\"Calque_1\" x=\"0px\" y=\"0px\" viewBox=\"0 0 25.49 34.15\" style=\"enable-background:new 0 0 25.49 34.15;\" xml:space=\"preserve\"><style type=\"text\/css\">\t.st0{fill:#E73F1F;}<\/style><g>\t<path class=\"st0\" d=\"M21.55,34.15l-0.81-1.88c-1.57,0.51-3.2,0.77-4.86,0.77C7.12,33.04,0,25.88,0,17.08  C0,11.25,3.15,5.93,8.14,3.13L7.33,1.25L10.2,0l2.03,4.69l-1.43,0.63c-4.65,2.04-7.66,6.65-7.66,11.76  c0,7.07,5.72,12.82,12.75,12.82c1.76,0,3.47-0.36,5.08-1.06l1.43-0.63l2.03,4.69L21.55,34.15z\"><\/path>\t<path class=\"st0\" d=\"M20.71,16.25c0.05,0.27,0.07,0.55,0.07,0.83c0,2.72-2.2,4.93-4.91,4.93s-4.91-2.21-4.91-4.93  c0-2.72,2.2-4.93,4.91-4.93c1.59,0,3,0.76,3.9,1.94l4.39-1.92C22.49,9.31,19.4,7.4,15.87,7.4c-5.31,0-9.62,4.33-9.62,9.68  c0,5.34,4.31,9.67,9.62,9.67c5.31,0,9.62-4.33,9.62-9.67c0-0.96-0.14-1.88-0.4-2.75L20.71,16.25z\"><\/path><\/g><\/svg>\t\t\t<\/span>\n\t\t\t\t\t\t<span class=\"elementor-button-text\">DESCARGAR EL PDF<\/span>\n\t\t<\/span>\n\t\t\t\t\t<\/a>\n\t\t<\/div>\n\t\t\t\t<\/div>\n\t\t\t\t<\/div>\n\t\t\t\t\t<\/div>\n\t\t<\/div>\n\t\t\t\t<div class=\"elementor-column elementor-col-33 elementor-top-column elementor-element elementor-element-7676315\" data-id=\"7676315\" data-element_type=\"column\">\n\t\t\t<div class=\"elementor-widget-wrap\">\n\t\t\t\t\t\t\t\t\t<\/div>\n\t\t<\/div>\n\t\t\t\t<div class=\"elementor-column elementor-col-33 elementor-top-column elementor-element elementor-element-975006a\" data-id=\"975006a\" data-element_type=\"column\">\n\t\t\t<div class=\"elementor-widget-wrap\">\n\t\t\t\t\t\t\t\t\t<\/div>\n\t\t<\/div>\n\t\t\t\t\t\t\t<\/div>\n\t\t<\/section>\n\t\t\t\t<section class=\"elementor-section elementor-top-section elementor-element elementor-element-72f9756 elementor-section-boxed elementor-section-height-default elementor-section-height-default\" data-id=\"72f9756\" data-element_type=\"section\">\n\t\t\t\t\t\t<div class=\"elementor-container elementor-column-gap-default\">\n\t\t\t\t\t<div class=\"elementor-column elementor-col-100 elementor-top-column elementor-element elementor-element-0fcfdaa\" data-id=\"0fcfdaa\" data-element_type=\"column\">\n\t\t\t<div class=\"elementor-widget-wrap elementor-element-populated\">\n\t\t\t\t\t\t\t\t<div class=\"elementor-element elementor-element-eb98ed4 elementor-widget elementor-widget-spacer\" data-id=\"eb98ed4\" data-element_type=\"widget\" data-widget_type=\"spacer.default\">\n\t\t\t\t<div class=\"elementor-widget-container\">\n\t\t\t\t\t<div class=\"elementor-spacer\">\n\t\t\t<div class=\"elementor-spacer-inner\"><\/div>\n\t\t<\/div>\n\t\t\t\t<\/div>\n\t\t\t\t<\/div>\n\t\t\t\t\t<\/div>\n\t\t<\/div>\n\t\t\t\t\t\t\t<\/div>\n\t\t<\/section>\n\t\t\t\t<section class=\"elementor-section elementor-top-section elementor-element elementor-element-b7bd2f6 elementor-section-boxed elementor-section-height-default elementor-section-height-default\" data-id=\"b7bd2f6\" data-element_type=\"section\">\n\t\t\t\t\t\t<div class=\"elementor-container elementor-column-gap-default\">\n\t\t\t\t\t<div class=\"elementor-column elementor-col-100 elementor-top-column elementor-element elementor-element-dd5cd82\" data-id=\"dd5cd82\" data-element_type=\"column\">\n\t\t\t<div class=\"elementor-widget-wrap elementor-element-populated\">\n\t\t\t\t\t\t\t\t<div class=\"elementor-element elementor-element-e317311 elementor-invisible elementor-widget elementor-widget-text-editor\" data-id=\"e317311\" data-element_type=\"widget\" data-settings=\"{&quot;_animation&quot;:&quot;fadeInUp&quot;,&quot;_animation_delay&quot;:200}\" data-widget_type=\"text-editor.default\">\n\t\t\t\t<div class=\"elementor-widget-container\">\n\t\t\t<style>\/*! elementor - v3.18.0 - 08-12-2023 *\/\n.elementor-widget-text-editor.elementor-drop-cap-view-stacked .elementor-drop-cap{background-color:#69727d;color:#fff}.elementor-widget-text-editor.elementor-drop-cap-view-framed .elementor-drop-cap{color:#69727d;border:3px solid;background-color:transparent}.elementor-widget-text-editor:not(.elementor-drop-cap-view-default) .elementor-drop-cap{margin-top:8px}.elementor-widget-text-editor:not(.elementor-drop-cap-view-default) .elementor-drop-cap-letter{width:1em;height:1em}.elementor-widget-text-editor .elementor-drop-cap{float:left;text-align:center;line-height:1;font-size:50px}.elementor-widget-text-editor .elementor-drop-cap-letter{display:inline-block}<\/style>\t\t\t\t<div class=\"min-h-8 text-message flex w-full flex-col items-end gap-2 whitespace-normal break-words text-start [.text-message+&amp;]:mt-5\" dir=\"auto\" data-message-author-role=\"assistant\" data-message-id=\"effeb77f-5905-406e-b1b5-a3e784f42308\" data-message-model-slug=\"gpt-4o\"><div class=\"flex w-full flex-col gap-1 empty:hidden first:pt-[3px]\"><p class=\"p1\">El Instituto COMPASS (COMPASS Institute) ofrece <strong>dos tipos de formaci\u00f3n en Gesti\u00f3n Basada en Resultados (GbR)<\/strong>\u00a0para clientes institucionales para su personal profesional y ejecutivo:<\/p><ol class=\"ol1\"><li class=\"li1\"><p class=\"p1\">Programas de certificaci\u00f3n;<\/p><\/li><li class=\"li1\"><p class=\"p1\">Formaciones cortas a medida.<\/p><\/li><\/ol><p class=\"p1\">Todas nuestras formaciones est\u00e1n ofrecidas en espa\u00f1ol, franc\u00e9s e ingl\u00e9s.<\/p><p class=\"p1\"><strong><span style=\"color: #e63f1f;\"><b>PROGRAMAS DE CERTIFICACI\u00d3N<\/b><\/span><\/strong><\/p><p class=\"p1\">Se proponen tres niveles de programas de Certificaci\u00f3n a clientes institucionales que pueden registrar grupos de 15 a 35 participantes, o incluso varios grupos dentro de la misma cohorte. Se encadenan de manera progresiva y culminan con una Certificaci\u00f3n Universitaria Superior (equivalente a un Diplomado) en GbR ofrecido de manera conjunta con nuestro socio acad\u00e9mico, la Universidad LAVAL a Quebec (Canad\u00e1). Todos nuestros programas se pueden ejecutar en modalidad presencial, virtual o h\u00edbrida seg\u00fan los requerimientos del cliente.<\/p><p><img decoding=\"async\" class=\"aligncenter wp-image-5287 size-large\" src=\"https:\/\/institutcompass.org\/wp-content\/uploads\/2026\/05\/3-niveaux-Formation-1920x1211-ESP-1024x646.png\" alt=\"\" width=\"1024\" height=\"646\" srcset=\"https:\/\/institutcompass.org\/wp-content\/uploads\/2026\/05\/3-niveaux-Formation-1920x1211-ESP-1024x646.png 1024w, https:\/\/institutcompass.org\/wp-content\/uploads\/2026\/05\/3-niveaux-Formation-1920x1211-ESP-300x189.png 300w, https:\/\/institutcompass.org\/wp-content\/uploads\/2026\/05\/3-niveaux-Formation-1920x1211-ESP-768x484.png 768w, https:\/\/institutcompass.org\/wp-content\/uploads\/2026\/05\/3-niveaux-Formation-1920x1211-ESP-1536x969.png 1536w, https:\/\/institutcompass.org\/wp-content\/uploads\/2026\/05\/3-niveaux-Formation-1920x1211-ESP.png 1920w\" sizes=\"(max-width: 1024px) 100vw, 1024px\" \/><\/p><p>1. Los <strong>programas de Certificaci\u00f3n de Fundamentos (Nivel 1)\u00a0<\/strong>ofrecen una base s\u00f3lida en los elementos t\u00e9cnicos e institucionales actuales de los cinco pilares de la GbR, dentro de una perspectiva de desarrollo sostenible, de transformaci\u00f3n digital y de uso de la inteligencia artificial:<\/p><ul class=\"ul1\"><li class=\"li1\"><p class=\"p1\">Planificaci\u00f3n estrat\u00e9gica.<\/p><\/li><li class=\"li1\"><p class=\"p1\">Articulaci\u00f3n plan-presupuesto y presupuesto basado en resultados.<\/p><\/li><li class=\"li1\"><p class=\"p1\">Gesti\u00f3n de finanzas p\u00fablicas y licitaci\u00f3n p\u00fablica.<\/p><\/li><li class=\"li1\"><p class=\"p1\">Gesti\u00f3n y monitoreo de programas y proyectos.<\/p><\/li><li class=\"li1\"><p class=\"p1\">Evaluaci\u00f3n y rendici\u00f3n de cuentas.<\/p><\/li><\/ul><p class=\"p1\">2. Los <strong>programas de Certificaci\u00f3n de Especializaci\u00f3n (Nivel 2)\u00a0<\/strong>proporcionan a los participantes los enfoques y herramientas m\u00e1s recientes sobre diferentes temas de la GbR, as\u00ed como ejemplos de buenas pr\u00e1cticas provenientes de los cincuenta pa\u00edses en los que el equipo COMPASS ha trabajado en el mundo.<\/p><p class=\"p1\">Los temas de especializaci\u00f3n son los siguientes:<\/p><ul><li>Ciclo de la GbR y planificaci\u00f3n<\/li><li>Presupuesto basado en resultados<\/li><li>Gesti\u00f3n de las finanzas p\u00fablicas y licitaciones p\u00fablicas<\/li><li>Gesti\u00f3n de proyectos de inversi\u00f3n p\u00fablica y Asociaciones P\u00fablico-Privadas<\/li><li>Seguimiento-evaluaci\u00f3n, an\u00e1lisis de datos e inteligencia artificial<\/li><\/ul><p class=\"p1\">3. El <strong>programa de Diplomado (Certificaci\u00f3n universitaria superior) (Nivel 3)<\/strong> se ofrece conjuntamente por la Universidad LAVAL (Canad\u00e1) y el Instituto COMPASS. Est\u00e1 dirigido a directivos y profesionales llamados a desempe\u00f1ar el papel de campeones en la implementaci\u00f3n de las reformas vinculadas con la puesta en marcha de la GbR en sus instituciones.<\/p><p class=\"p1\"><strong><em>U<\/em><em>n ejemplo reciente:<\/em><\/strong><\/p><p class=\"p1\"><em>Capacitaci\u00f3n masiva en Presupuesto y Gesti\u00f3n basados en resultados ofrecida por el Instituto COMPASS y la Universidad LAVAL en Panam\u00e1 con financiamiento por el Gobierno Nacional de Panam\u00e1 y PNUD.<\/em><\/p><p class=\"p7\"><strong><span style=\"color: #e63f1f;\"><img decoding=\"async\" class=\"aligncenter wp-image-5236 size-large\" src=\"https:\/\/institutcompass.org\/wp-content\/uploads\/2026\/05\/Logos-1-1-1024x84.png\" alt=\"\" width=\"1024\" height=\"84\" srcset=\"https:\/\/institutcompass.org\/wp-content\/uploads\/2026\/05\/Logos-1-1-1024x84.png 1024w, https:\/\/institutcompass.org\/wp-content\/uploads\/2026\/05\/Logos-1-1-300x25.png 300w, https:\/\/institutcompass.org\/wp-content\/uploads\/2026\/05\/Logos-1-1-768x63.png 768w, https:\/\/institutcompass.org\/wp-content\/uploads\/2026\/05\/Logos-1-1-1536x126.png 1536w, https:\/\/institutcompass.org\/wp-content\/uploads\/2026\/05\/Logos-1-1-1920x157.png 1920w\" sizes=\"(max-width: 1024px) 100vw, 1024px\" \/><\/span><\/strong><\/p><p class=\"p7\"><strong><span style=\"color: #e63f1f;\"><b>FORMACIONES CORTAS A MEDIDA<\/b><\/span><\/strong><\/p><p>Estos programas de formaci\u00f3n continua a la medida se organizan, a solicitud de un cliente institucional, para un grupo de participantes en torno a temas de actualidad en la GbR. Las modalidades son flexibles y se discuten juntamente con el cliente, incluyendo el tama\u00f1o del grupo (entre 10 y 100 participantes), la duraci\u00f3n (entre 3 y 30 horas), el lugar, las fechas y la modalidad de ense\u00f1anza (presencial, a distancia o mixta). Los participantes reciben un certificado de participaci\u00f3n.<\/p><p><strong><em>Dos ejemplos recientes:<\/em><\/strong><\/p><p><em>Programa de Certificaci\u00f3n en evaluaci\u00f3n de pol\u00edticas y programas, ofrecido por la National University of Management y el Instituto COMPASS en Camboya con financiamiento por el Gobierno Real de Camboya y UNICEF.<\/em><\/p><p><strong><span style=\"color: #e63f1f;\"><img loading=\"lazy\" decoding=\"async\" class=\"aligncenter wp-image-5251 size-full\" src=\"https:\/\/institutcompass.org\/wp-content\/uploads\/2026\/05\/Logos-2-3.png\" alt=\"\" width=\"700\" height=\"141\" srcset=\"https:\/\/institutcompass.org\/wp-content\/uploads\/2026\/05\/Logos-2-3.png 700w, https:\/\/institutcompass.org\/wp-content\/uploads\/2026\/05\/Logos-2-3-300x60.png 300w\" sizes=\"(max-width: 700px) 100vw, 700px\" \/><\/span><\/strong><\/p><p class=\"p1\"><em>Proyecto de fortalecimiento de las capacidades nacionales para la preparaci\u00f3n del Plan Nacional de Desarrollo en Gab\u00f3n con financiamiento por el Gobierno de Gab\u00f3n y UNICEF.<\/em><\/p><p><strong><span style=\"color: #e63f1f;\"><img loading=\"lazy\" decoding=\"async\" class=\"aligncenter wp-image-5242\" src=\"https:\/\/institutcompass.org\/wp-content\/uploads\/2026\/05\/Logos-3-1-1024x193.png\" alt=\"\" width=\"700\" height=\"132\" srcset=\"https:\/\/institutcompass.org\/wp-content\/uploads\/2026\/05\/Logos-3-1-1024x193.png 1024w, https:\/\/institutcompass.org\/wp-content\/uploads\/2026\/05\/Logos-3-1-300x56.png 300w, https:\/\/institutcompass.org\/wp-content\/uploads\/2026\/05\/Logos-3-1-768x145.png 768w, https:\/\/institutcompass.org\/wp-content\/uploads\/2026\/05\/Logos-3-1-1536x289.png 1536w, https:\/\/institutcompass.org\/wp-content\/uploads\/2026\/05\/Logos-3-1.png 1806w\" sizes=\"(max-width: 700px) 100vw, 700px\" \/><\/span><\/strong><\/p><p class=\"p1\">Para mas detalles, por favor descar el catalogo de capacitacion, utilizando el link al inicio de esta pagina.<\/p><\/div><\/div>\t\t\t\t\t\t<\/div>\n\t\t\t\t<\/div>\n\t\t\t\t<div class=\"elementor-element elementor-element-212f674 elementor-widget elementor-widget-spacer\" data-id=\"212f674\" data-element_type=\"widget\" data-widget_type=\"spacer.default\">\n\t\t\t\t<div class=\"elementor-widget-container\">\n\t\t\t\t\t<div class=\"elementor-spacer\">\n\t\t\t<div class=\"elementor-spacer-inner\"><\/div>\n\t\t<\/div>\n\t\t\t\t<\/div>\n\t\t\t\t<\/div>\n\t\t\t\t\t<\/div>\n\t\t<\/div>\n\t\t\t\t\t\t\t<\/div>\n\t\t<\/section>\n\t\t\t\t\t\t\t<\/div>\n\t\t","protected":false},"excerpt":{"rendered":"<p>CAT\u00c1LOGO DE FORMACI\u00d3N 2026 Socio de DESCARGAR EL PDF El Instituto COMPASS (COMPASS Institute) ofrece dos tipos de formaci\u00f3n en Gesti\u00f3n Basada en Resultados (GbR)\u00a0para clientes institucionales para su personal profesional y ejecutivo: Programas de certificaci\u00f3n; Formaciones cortas a medida. Todas nuestras formaciones est\u00e1n ofrecidas en espa\u00f1ol, franc\u00e9s e ingl\u00e9s. PROGRAMAS DE CERTIFICACI\u00d3N Se proponen [&hellip;]<\/p>\n","protected":false},"author":1,"featured_media":0,"parent":0,"menu_order":0,"comment_status":"closed","ping_status":"closed","template":"","meta":{"footnotes":""},"class_list":["post-5323","page","type-page","status-publish","hentry","grve-entry-item"],"_links":{"self":[{"href":"https:\/\/institutcompass.org\/es\/wp-json\/wp\/v2\/pages\/5323","targetHints":{"allow":["GET"]}}],"collection":[{"href":"https:\/\/institutcompass.org\/es\/wp-json\/wp\/v2\/pages"}],"about":[{"href":"https:\/\/institutcompass.org\/es\/wp-json\/wp\/v2\/types\/page"}],"author":[{"embeddable":true,"href":"https:\/\/institutcompass.org\/es\/wp-json\/wp\/v2\/users\/1"}],"replies":[{"embeddable":true,"href":"https:\/\/institutcompass.org\/es\/wp-json\/wp\/v2\/comments?post=5323"}],"version-history":[{"count":23,"href":"https:\/\/institutcompass.org\/es\/wp-json\/wp\/v2\/pages\/5323\/revisions"}],"predecessor-version":[{"id":5369,"href":"https:\/\/institutcompass.org\/es\/wp-json\/wp\/v2\/pages\/5323\/revisions\/5369"}],"wp:attachment":[{"href":"https:\/\/institutcompass.org\/es\/wp-json\/wp\/v2\/media?parent=5323"}],"curies":[{"name":"wp","href":"https:\/\/api.w.org\/{rel}","templated":true}]}}